{"id":101,"date":"2008-08-21T03:57:15","date_gmt":"2008-08-21T08:57:15","guid":{"rendered":"http:\/\/egophobia.dap.ro\/?page_id=101"},"modified":"2010-01-10T17:01:05","modified_gmt":"2010-01-10T15:01:05","slug":"egophobia","status":"publish","type":"page","link":"https:\/\/blog.egophobia.ro\/?page_id=101","title":{"rendered":"EgoPHobia"},"content":{"rendered":"<p>e-revista  <strong>EgoPHobia<\/strong> este editat\u0103 de c\u0103tre <strong>Asocia\u0163ia EGOPHOBIA<\/strong><\/p>\n<p>Str. Aurel Suciu 32\/99<br \/>\n400440 Cluj-Napoca<br \/>\njud. Cluj<\/p>\n<p>Cod de identificare fiscal\u0103: 22434299<br \/>\nCont bancar (IBAN): RO30 BTRL 0130 1205 H244 09XX<\/p>\n<p ALIGN=\"justify\"><a TARGET=\"_blank\" HREF=\"http:\/\/www.egophobia.ro\">www.egophobia.ro<\/a><\/p>\n<p ALIGN=\"justify\">Echipa EgoPHobia @ #18:<br \/>\n* \u015etefan Bolea &#8211; redactor-\u015fef<br \/>\n* Sorin-Mihai Grad &#8211; editor &amp; webmaster<br \/>\n* Claudiu Komartin &#8211; redactor<br \/>\n* Petri\u015for Militaru &#8211; redactor<br \/>\n* Diana Todea &#8211; redactor<br \/>\n* Rita Chirian &#8211; redactor<br \/>\n* Lucia D\u0103r\u0103mu\u015f &#8211; redactor<br \/>\n* Oana C\u0103t\u0103lina Ninu &#8211; redactor<br \/>\n* Ormeny Francisc &#8211; redactor<br \/>\n* Axel Lenn &#8211; colaborator permanent<br \/>\n* iQ666 &#8211; colaborator permanent<br \/>\n* C. dada &#8211; colaborator permanent<br \/>\n* Adrian Ioni\u0163\u0103 &#8211; colaborator permanent<br \/>\n* Daniel Sur &#8211; colaborator<br \/>\n* Iulia Argint &#8211; colaborator<\/p>\n","protected":false},"excerpt":{"rendered":"<p>e-revista EgoPHobia este editat\u0103 de c\u0103tre Asocia\u0163ia EGOPHOBIA Str. Aurel Suciu 32\/99 400440 Cluj-Napoca jud. Cluj Cod de identificare fiscal\u0103: 22434299 Cont bancar (IBAN): RO30 BTRL 0130 1205 H244 09XX www.egophobia.ro Echipa EgoPHobia @ #18: * \u015etefan Bolea &#8211; redactor-\u015fef * Sorin-Mihai Grad &#8211; editor &amp; webmaster * Claudiu Komartin &#8211; redactor * Petri\u015for Militaru [&hellip;]<\/p>\n","protected":false},"author":1,"featured_media":0,"parent":0,"menu_order":0,"comment_status":"closed","ping_status":"open","template":"","meta":{"footnotes":""},"class_list":["post-101","page","type-page","status-publish","hentry"],"jetpack_sharing_enabled":true,"_links":{"self":[{"href":"https:\/\/blog.egophobia.ro\/index.php?rest_route=\/wp\/v2\/pages\/101","targetHints":{"allow":["GET"]}}],"collection":[{"href":"https:\/\/blog.egophobia.ro\/index.php?rest_route=\/wp\/v2\/pages"}],"about":[{"href":"https:\/\/blog.egophobia.ro\/index.php?rest_route=\/wp\/v2\/types\/page"}],"author":[{"embeddable":true,"href":"https:\/\/blog.egophobia.ro\/index.php?rest_route=\/wp\/v2\/users\/1"}],"replies":[{"embeddable":true,"href":"https:\/\/blog.egophobia.ro\/index.php?rest_route=%2Fwp%2Fv2%2Fcomments&post=101"}],"version-history":[{"count":1,"href":"https:\/\/blog.egophobia.ro\/index.php?rest_route=\/wp\/v2\/pages\/101\/revisions"}],"predecessor-version":[{"id":996,"href":"https:\/\/blog.egophobia.ro\/index.php?rest_route=\/wp\/v2\/pages\/101\/revisions\/996"}],"wp:attachment":[{"href":"https:\/\/blog.egophobia.ro\/index.php?rest_route=%2Fwp%2Fv2%2Fmedia&parent=101"}],"curies":[{"name":"wp","href":"https:\/\/api.w.org\/{rel}","templated":true}]}}