{"id":1038,"date":"2010-02-06T09:17:32","date_gmt":"2010-02-06T07:17:32","guid":{"rendered":"http:\/\/blog.egophobia.ro\/?page_id=1038"},"modified":"2010-08-01T00:15:55","modified_gmt":"2010-07-31T22:15:55","slug":"anunturi","status":"publish","type":"page","link":"https:\/\/blog.egophobia.ro\/?page_id=1038","title":{"rendered":"anun\u0163uri"},"content":{"rendered":"<p>01.08.2010: <a href=\"http:\/\/blog.egophobia.ro\/?p=1200\">Scrisoare deschis\u0103 adresat\u0103 prim-ministrului Emil Boc \u00een leg\u0103tura cu situa\u0163ia editurii Curtea Veche<\/a><\/p>\n<p>15.06.2010: <a href=\"http:\/\/blog.egophobia.ro\/?p=1016\">EgoPHobia #27 e online!<\/a><\/p>\n<p>17.03.2010: <a href=\"http:\/\/blog.egophobia.ro\/?p=1097\">Proz\u0103 science fiction &#038; fantasy \u00een EgoPHobia #27<\/a><\/p>\n<p>15.03.2010: <a href=\"http:\/\/blog.egophobia.ro\/?p=1016\">EgoPHobia #26 e online!<\/a><\/p>\n<p>10.03.2010: <a href=\"http:\/\/blog.egophobia.ro\/?p=1069\">Invitatul din EgoPHobia #26<\/a><\/p>\n<p>06.02.2010: <a href=\"http:\/\/blog.egophobia.ro\/?p=1035\">Ne trebuie doi noi redactori!<\/a><\/p>\n<p>02.02.2010: <a href=\"http:\/\/blog.egophobia.ro\/?p=1023\">E nevoie de 2000\u20ac pentru \u201cHomo Urbanus Europeanus\u201d @ Bucure\u015fti!<\/a><\/p>\n<p>28.01.2010: <a href=\"http:\/\/blog.egophobia.ro\/?p=1016\">EgoPHobia #25 e online!<\/a><\/p>\n","protected":false},"excerpt":{"rendered":"<p>01.08.2010: Scrisoare deschis\u0103 adresat\u0103 prim-ministrului Emil Boc \u00een leg\u0103tura cu situa\u0163ia editurii Curtea Veche 15.06.2010: EgoPHobia #27 e online! 17.03.2010: Proz\u0103 science fiction &#038; fantasy \u00een EgoPHobia #27 15.03.2010: EgoPHobia #26 e online! 10.03.2010: Invitatul din EgoPHobia #26 06.02.2010: Ne trebuie doi noi redactori! 02.02.2010: E nevoie de 2000\u20ac pentru \u201cHomo Urbanus Europeanus\u201d @ Bucure\u015fti! [&hellip;]<\/p>\n","protected":false},"author":2,"featured_media":0,"parent":0,"menu_order":0,"comment_status":"open","ping_status":"open","template":"","meta":{"footnotes":""},"class_list":["post-1038","page","type-page","status-publish","hentry"],"jetpack_sharing_enabled":true,"_links":{"self":[{"href":"https:\/\/blog.egophobia.ro\/index.php?rest_route=\/wp\/v2\/pages\/1038","targetHints":{"allow":["GET"]}}],"collection":[{"href":"https:\/\/blog.egophobia.ro\/index.php?rest_route=\/wp\/v2\/pages"}],"about":[{"href":"https:\/\/blog.egophobia.ro\/index.php?rest_route=\/wp\/v2\/types\/page"}],"author":[{"embeddable":true,"href":"https:\/\/blog.egophobia.ro\/index.php?rest_route=\/wp\/v2\/users\/2"}],"replies":[{"embeddable":true,"href":"https:\/\/blog.egophobia.ro\/index.php?rest_route=%2Fwp%2Fv2%2Fcomments&post=1038"}],"version-history":[{"count":11,"href":"https:\/\/blog.egophobia.ro\/index.php?rest_route=\/wp\/v2\/pages\/1038\/revisions"}],"predecessor-version":[{"id":1203,"href":"https:\/\/blog.egophobia.ro\/index.php?rest_route=\/wp\/v2\/pages\/1038\/revisions\/1203"}],"wp:attachment":[{"href":"https:\/\/blog.egophobia.ro\/index.php?rest_route=%2Fwp%2Fv2%2Fmedia&parent=1038"}],"curies":[{"name":"wp","href":"https:\/\/api.w.org\/{rel}","templated":true}]}}