{"id":868,"date":"2007-11-06T12:28:43","date_gmt":"2007-11-06T17:28:43","guid":{"rendered":"http:\/\/blog.egophobia.ro\/?page_id=868"},"modified":"2010-01-05T21:38:43","modified_gmt":"2010-01-05T19:38:43","slug":"about-2","status":"publish","type":"page","link":"https:\/\/blog.egophobia.ro\/?page_id=868","title":{"rendered":"despre"},"content":{"rendered":"<p>V\u0103 afla\u0163i pe blogul e-revistei culturale <strong>EgoPHobia<\/strong>, pe care o pute\u0163i citi la <a TARGET=\"_blank\" HREF=\"http:\/\/www.egophobia.ro\">www.egophobia.ro<\/a>.<\/p>\n<p>Aici v\u0103 \u0163inem\u00a0la\u00a0curent\u00a0cu activitatea e-revistei\u00a0noastre, prezent\u00e2nd chestiuni precum noile\u00a0numere, planuri,\u00a0modific\u0103ri\u00a0pe site\u00a0sau \u00een\u00a0redac\u0163ie, (fragmente din) texte care vor ap\u0103rea \u00een num\u0103rul urm\u0103tor,&#8230; Pe l\u00e2ng\u0103 acestea public\u0103m\u00a0aici <a TARGET=\"_blank\" HREF=\"http:\/\/egophobia.dap.ro\/?cat=10\">anun\u0163uri<\/a>\u00a0de interes cultural sosite\u00a0la redac\u0163ie, <a TARGET=\"_blank\" HREF=\"http:\/\/egophobia.dap.ro\/?cat=12\">informa\u0163ii<\/a>\u00a0despre c\u0103r\u0163i electronice disponibile online, informa\u0163ii \u015fi\u00a0comentarii\u00a0referitoare la alte <a TARGET=\"_blank\" HREF=\"http:\/\/egophobia.dap.ro\/?cat=7\">e-reviste culturale<\/a>,\u00a0texte <a TARGET=\"_blank\" HREF=\"http:\/\/egophobia.dap.ro\/?cat=11\">polemice<\/a> primite\u00a0la\u00a0redac\u0163ie\u00a0care nu intr\u0103 \u00een\u00a0revist\u0103,\u00a0precum \u015fi\u00a0texte inedite apar\u0163in\u00e2nd membrilor\u00a0redac\u0163iei, ocazional\u00a0sau\u00a0regulat. Referitor la textele inedite, din\u00a0prima\u00a0categorie\u00a0fac\u00a0parte\u00a0deocamdat\u0103 doar <a TARGET=\"_blank\" HREF=\"http:\/\/egophobia.dap.ro\/?cat=16\">impresiile<\/a>\u00a0lui \u015etefan Bolea de la Festivalul Sziget 2008,\u00a0iar\u00a0dintr-a\u00a0doua\u00a0rubrica &#8222;<a TARGET=\"_blank\" HREF=\"http:\/\/egophobia.dap.ro\/?cat=15\">muzici_de_luni<\/a>&#8222;, unde Sorin-Mihai Grad scrie\u00a0despre ce muzic\u0103 mai ascult\u0103.<\/p>\n","protected":false},"excerpt":{"rendered":"<p>V\u0103 afla\u0163i pe blogul e-revistei culturale EgoPHobia, pe care o pute\u0163i citi la www.egophobia.ro. Aici v\u0103 \u0163inem\u00a0la\u00a0curent\u00a0cu activitatea e-revistei\u00a0noastre, prezent\u00e2nd chestiuni precum noile\u00a0numere, planuri,\u00a0modific\u0103ri\u00a0pe site\u00a0sau \u00een\u00a0redac\u0163ie, (fragmente din) texte care vor ap\u0103rea \u00een num\u0103rul urm\u0103tor,&#8230; Pe l\u00e2ng\u0103 acestea public\u0103m\u00a0aici anun\u0163uri\u00a0de interes cultural sosite\u00a0la redac\u0163ie, informa\u0163ii\u00a0despre c\u0103r\u0163i electronice disponibile online, informa\u0163ii \u015fi\u00a0comentarii\u00a0referitoare la alte e-reviste culturale,\u00a0texte [&hellip;]<\/p>\n","protected":false},"author":1,"featured_media":0,"parent":0,"menu_order":0,"comment_status":"closed","ping_status":"open","template":"","meta":{"footnotes":""},"class_list":["post-868","page","type-page","status-publish","hentry"],"jetpack_sharing_enabled":true,"_links":{"self":[{"href":"https:\/\/blog.egophobia.ro\/index.php?rest_route=\/wp\/v2\/pages\/868","targetHints":{"allow":["GET"]}}],"collection":[{"href":"https:\/\/blog.egophobia.ro\/index.php?rest_route=\/wp\/v2\/pages"}],"about":[{"href":"https:\/\/blog.egophobia.ro\/index.php?rest_route=\/wp\/v2\/types\/page"}],"author":[{"embeddable":true,"href":"https:\/\/blog.egophobia.ro\/index.php?rest_route=\/wp\/v2\/users\/1"}],"replies":[{"embeddable":true,"href":"https:\/\/blog.egophobia.ro\/index.php?rest_route=%2Fwp%2Fv2%2Fcomments&post=868"}],"version-history":[{"count":1,"href":"https:\/\/blog.egophobia.ro\/index.php?rest_route=\/wp\/v2\/pages\/868\/revisions"}],"predecessor-version":[{"id":991,"href":"https:\/\/blog.egophobia.ro\/index.php?rest_route=\/wp\/v2\/pages\/868\/revisions\/991"}],"wp:attachment":[{"href":"https:\/\/blog.egophobia.ro\/index.php?rest_route=%2Fwp%2Fv2%2Fmedia&parent=868"}],"curies":[{"name":"wp","href":"https:\/\/api.w.org\/{rel}","templated":true}]}}